{"id":260,"date":"2024-10-11T19:09:21","date_gmt":"2024-10-11T17:09:21","guid":{"rendered":"https:\/\/immobilierism.com\/offre\/?page_id=260"},"modified":"2025-03-02T19:20:30","modified_gmt":"2025-03-02T19:20:30","slug":"contact","status":"publish","type":"page","link":"https:\/\/immobilierism.com\/offre\/contact\/","title":{"rendered":"Contact"},"content":{"rendered":"\n<p>Vous cherchez un <strong>appartement, une maison, ou un local commercial \u00e0 louer ou <strong>\u00e0<\/strong><\/strong> <strong>acheter ?<\/strong> Nous sommes l\u00e0 pour vous accompagner \u00e0 chaque \u00e9tape. Gr\u00e2ce \u00e0 notre connaissance approfondie du march\u00e9 immobilier, nous vous proposons des biens qui correspondent parfaitement \u00e0 vos besoins et \u00e0 votre budget.<\/p>\n\n\n\n<p>\ud83d\udcde <strong>Appelez-nous d\u00e8s maintenant<\/strong> au <strong><a href=\"tel:221776813879\">+221 78 474 49 36<\/a> <\/strong>ou envoyez-nous un message via le formulaire ci-dessous pour discuter de votre projet.<\/p>\n\n\n<div class=\"wpforms-container wpforms-container-full wpforms-block wpforms-block-76b04ca1-0656-4db8-b41a-2f4ec05fd4bf wpforms-render-modern\" id=\"wpforms-263\"><form id=\"wpforms-form-263\" class=\"wpforms-validate wpforms-form wpforms-ajax-form\" data-formid=\"263\" method=\"post\" enctype=\"multipart\/form-data\" action=\"\/offre\/wp-json\/wp\/v2\/pages\/260\" data-token=\"dc1cd382848eb6088df7e60a7cffe39d\" data-token-time=\"1778674397\"><noscript class=\"wpforms-error-noscript\">Veuillez activer JavaScript dans votre navigateur pour remplir ce formulaire.<\/noscript><div id=\"wpforms-error-noscript\" style=\"display: none;\">Veuillez activer JavaScript dans votre navigateur pour remplir ce formulaire.<\/div><div class=\"wpforms-field-container\"><div id=\"wpforms-263-field_1-container\" class=\"wpforms-field wpforms-field-name\" data-field-id=\"1\"><fieldset><legend class=\"wpforms-field-label\">Nom <span class=\"wpforms-required-label\" aria-hidden=\"true\">*<\/span><\/legend><div class=\"wpforms-field-row wpforms-field-medium\"><div class=\"wpforms-field-row-block wpforms-first wpforms-one-half\"><input type=\"text\" id=\"wpforms-263-field_1\" class=\"wpforms-field-name-first wpforms-field-required\" name=\"wpforms[fields][1][first]\" aria-errormessage=\"wpforms-263-field_1-error\" required><label for=\"wpforms-263-field_1\" class=\"wpforms-field-sublabel after\">Pr\u00e9nom<\/label><\/div><div class=\"wpforms-field-row-block wpforms-one-half\"><input type=\"text\" id=\"wpforms-263-field_1-last\" class=\"wpforms-field-name-last wpforms-field-required\" name=\"wpforms[fields][1][last]\" aria-errormessage=\"wpforms-263-field_1-last-error\" required><label for=\"wpforms-263-field_1-last\" class=\"wpforms-field-sublabel after\">Nom<\/label><\/div><\/div><\/fieldset><\/div><div id=\"wpforms-263-field_4-container\" class=\"wpforms-field wpforms-field-text\" data-field-id=\"4\"><label class=\"wpforms-field-label\" for=\"wpforms-263-field_4\">Num\u00e9ro T\u00e9l\u00e9phone <span class=\"wpforms-required-label\" aria-hidden=\"true\">*<\/span><\/label><input type=\"text\" id=\"wpforms-263-field_4\" class=\"wpforms-field-medium wpforms-field-required\" name=\"wpforms[fields][4]\" aria-errormessage=\"wpforms-263-field_4-error\" aria-describedby=\"wpforms-263-field_4-description\" required><div id=\"wpforms-263-field_4-description\" class=\"wpforms-field-description\">+221<\/div><\/div><div id=\"wpforms-263-field_2-container\" class=\"wpforms-field wpforms-field-email\" data-field-id=\"2\"><label class=\"wpforms-field-label\" for=\"wpforms-263-field_2\">E-mail <span class=\"wpforms-required-label\" aria-hidden=\"true\">*<\/span><\/label><input type=\"email\" id=\"wpforms-263-field_2\" class=\"wpforms-field-medium wpforms-field-required\" name=\"wpforms[fields][2]\" spellcheck=\"false\" aria-errormessage=\"wpforms-263-field_2-error\" required><\/div>\t\t<div id=\"wpforms-263-field_5-container\"\n\t\t\tclass=\"wpforms-field wpforms-field-text\"\n\t\t\tdata-field-type=\"text\"\n\t\t\tdata-field-id=\"5\"\n\t\t\t>\n\t\t\t<label class=\"wpforms-field-label\" for=\"wpforms-263-field_5\" >ou T\u00e9l\u00e9phone Nom<\/label>\n\t\t\t<input type=\"text\" id=\"wpforms-263-field_5\" class=\"wpforms-field-medium\" name=\"wpforms[fields][5]\" >\n\t\t<\/div>\n\t\t<div id=\"wpforms-263-field_3-container\" class=\"wpforms-field wpforms-field-textarea\" data-field-id=\"3\"><label class=\"wpforms-field-label\" for=\"wpforms-263-field_3\">Commentaire ou message<\/label><textarea id=\"wpforms-263-field_3\" class=\"wpforms-field-medium\" name=\"wpforms[fields][3]\" aria-errormessage=\"wpforms-263-field_3-error\" ><\/textarea><\/div><script>\n\t\t\t\t( function() {\n\t\t\t\t\tconst style = document.createElement( 'style' );\n\t\t\t\t\tstyle.appendChild( document.createTextNode( '#wpforms-263-field_5-container { position: absolute !important; overflow: hidden !important; display: inline !important; height: 1px !important; width: 1px !important; z-index: -1000 !important; padding: 0 !important; } #wpforms-263-field_5-container input { visibility: hidden; } #wpforms-conversational-form-page #wpforms-263-field_5-container label { counter-increment: none; }' ) );\n\t\t\t\t\tdocument.head.appendChild( style );\n\t\t\t\t\tdocument.currentScript?.remove();\n\t\t\t\t} )();\n\t\t\t<\/script><\/div><!-- .wpforms-field-container --><div class=\"wpforms-submit-container\" ><input type=\"hidden\" name=\"wpforms[id]\" value=\"263\"><input type=\"hidden\" name=\"page_title\" value=\"\"><input type=\"hidden\" name=\"page_url\" value=\"https:\/\/immobilierism.com\/offre\/wp-json\/wp\/v2\/pages\/260\"><input type=\"hidden\" name=\"url_referer\" value=\"\"><button type=\"submit\" name=\"wpforms[submit]\" id=\"wpforms-submit-263\" class=\"wpforms-submit\" data-alt-text=\"Envoi...\" data-submit-text=\"Envoyer\" aria-live=\"assertive\" value=\"wpforms-submit\">Envoyer<\/button><img loading=\"lazy\" decoding=\"async\" src=\"https:\/\/immobilierism.com\/offre\/wp-content\/plugins\/wpforms-lite\/assets\/images\/submit-spin.svg\" class=\"wpforms-submit-spinner\" style=\"display: none;\" width=\"26\" height=\"26\" alt=\"Chargement en cours\"><\/div><\/form><\/div>  <!-- .wpforms-container -->","protected":false},"excerpt":{"rendered":"<p>Vous cherchez un appartement, une maison, ou un local commercial \u00e0 louer ou \u00e0 acheter ? Nous sommes l\u00e0 pour vous accompagner \u00e0 chaque \u00e9tape. Gr\u00e2ce \u00e0 notre connaissance approfondie du march\u00e9 immobilier, nous vous proposons des biens qui correspondent parfaitement \u00e0 vos besoins et \u00e0 votre budget. \ud83d\udcde Appelez-nous d\u00e8s maintenant au +221 78 [&hellip;]<\/p>\n","protected":false},"author":1,"featured_media":0,"parent":0,"menu_order":0,"comment_status":"closed","ping_status":"closed","template":"","meta":{"footnotes":""},"class_list":["post-260","page","type-page","status-publish","hentry"],"_links":{"self":[{"href":"https:\/\/immobilierism.com\/offre\/wp-json\/wp\/v2\/pages\/260","targetHints":{"allow":["GET"]}}],"collection":[{"href":"https:\/\/immobilierism.com\/offre\/wp-json\/wp\/v2\/pages"}],"about":[{"href":"https:\/\/immobilierism.com\/offre\/wp-json\/wp\/v2\/types\/page"}],"author":[{"embeddable":true,"href":"https:\/\/immobilierism.com\/offre\/wp-json\/wp\/v2\/users\/1"}],"replies":[{"embeddable":true,"href":"https:\/\/immobilierism.com\/offre\/wp-json\/wp\/v2\/comments?post=260"}],"version-history":[{"count":14,"href":"https:\/\/immobilierism.com\/offre\/wp-json\/wp\/v2\/pages\/260\/revisions"}],"predecessor-version":[{"id":432,"href":"https:\/\/immobilierism.com\/offre\/wp-json\/wp\/v2\/pages\/260\/revisions\/432"}],"wp:attachment":[{"href":"https:\/\/immobilierism.com\/offre\/wp-json\/wp\/v2\/media?parent=260"}],"curies":[{"name":"wp","href":"https:\/\/api.w.org\/{rel}","templated":true}]}}